{"id":1489,"date":"2026-02-22T15:52:49","date_gmt":"2026-02-22T14:52:49","guid":{"rendered":"https:\/\/sentieroitalia.cai.it\/der-weg\/wegmarkierung\/guida-alla-segnaletica-e-classificazione-delle-difficolta\/"},"modified":"2026-02-22T15:58:50","modified_gmt":"2026-02-22T14:58:50","slug":"leitfaden-zur-wegmarkierung-und-schwierigkeitsklassifizierung","status":"publish","type":"page","link":"https:\/\/sentieroitalia.cai.it\/de\/der-weg\/wegmarkierung\/leitfaden-zur-wegmarkierung-und-schwierigkeitsklassifizierung\/","title":{"rendered":"Leitfaden zur Wegmarkierung und Schwierigkeitsklassifizierung"},"content":{"rendered":"<p>[vc_row full_width=&#8220;stretch_row_content&#8220; css=&#8220;.vc_custom_1636759294827{margin-top: 30px !important;}&#8220;][vc_column][vc_row_inner equal_height=&#8220;yes&#8220;][vc_column_inner el_class=&#8220;blocco_immagine&#8220; width=&#8220;1\/2&#8243; css=&#8220;.vc_custom_1771771801469{background-image: url(https:\/\/sentieroitalia.cai.it\/wp-content\/uploads\/2020\/10\/0002.jpg?id=482) !important;background-position: center !important;background-repeat: no-repeat !important;background-size: cover !important;}&#8220;][\/vc_column_inner][vc_column_inner el_class=&#8220;blocco_testo&#8220; width=&#8220;1\/2&#8243;][vc_column_text]<\/p>\n<h2 class=\"p1\">Folge Rot und Wei\u00df<\/h2>\n<p class=\"p3\">Der SICAI ist durch die klassische rot-wei\u00df-rote Wegmarkierung mit offiziellem Logo gekennzeichnet. Die CAI-Mitglieder k\u00fcmmern sich kontinuierlich um die Instandhaltung dieser Zeichen, um Orientierung und Sicherheit zu gew\u00e4hrleisten. Dennoch k\u00f6nnen starke Wetterereignisse und die \u00fcppige Vegetation im Fr\u00fchjahr und Sommer die Wege beeintr\u00e4chtigen \u2013 daher ist Aufmerksamkeit geboten. Vor dem Aufbruch ist es wichtig, die Schwierigkeitsskala zu kennen: von touristischen Abschnitten (T) bis hin zu Wegen f\u00fcr erfahrene Wanderer (EE). Denke daran: Ein Wanderweg ist keine Stra\u00dfe. Lerne, die Umgebung zu interpretieren, studiere die Karten und beachte stets die offizielle Beschilderung.<\/p>\n<p>[\/vc_column_text][\/vc_column_inner][\/vc_row_inner][\/vc_column][\/vc_row]<\/p>\n","protected":false},"excerpt":{"rendered":"<p>[vc_row full_width=&#8220;stretch_row_content&#8220; css=&#8220;.vc_custom_1636759294827{margin-top: 30px !important;}&#8220;][vc_column][vc_row_inner equal_height=&#8220;yes&#8220;][vc_column_inner el_class=&#8220;blocco_immagine&#8220; width=&#8220;1\/2&#8243; css=&#8220;.vc_custom_1771771801469{background-image: url(https:\/\/sentieroitalia.cai.it\/wp-content\/uploads\/2020\/10\/0002.jpg?id=482) !important;background-position: center !important;background-repeat: no-repeat !important;background-size: cover !important;}&#8220;][\/vc_column_inner][vc_column_inner el_class=&#8220;blocco_testo&#8220; width=&#8220;1\/2&#8243;][vc_column_text] Folge Rot und Wei\u00df Der SICAI ist durch die klassische rot-wei\u00df-rote [&hellip;]<\/p>\n","protected":false},"author":9,"featured_media":0,"parent":1479,"menu_order":0,"comment_status":"closed","ping_status":"closed","template":"","meta":{"footnotes":""},"class_list":["post-1489","page","type-page","status-publish","hentry"],"yoast_head":"<!-- This site is optimized with the Yoast SEO plugin v27.1.1 - https:\/\/yoast.com\/product\/yoast-seo-wordpress\/ -->\n<title>Leitfaden zur Wegmarkierung und Schwierigkeitsklassifizierung - Sentiero Italia Cai<\/title>\n<meta name=\"robots\" content=\"index, follow, max-snippet:-1, max-image-preview:large, max-video-preview:-1\" \/>\n<link rel=\"canonical\" href=\"https:\/\/sentieroitalia.cai.it\/de\/der-weg\/wegmarkierung\/leitfaden-zur-wegmarkierung-und-schwierigkeitsklassifizierung\/\" \/>\n<meta property=\"og:locale\" content=\"de_DE\" \/>\n<meta property=\"og:type\" content=\"article\" \/>\n<meta property=\"og:title\" content=\"Leitfaden zur Wegmarkierung und Schwierigkeitsklassifizierung - Sentiero Italia Cai\" \/>\n<meta property=\"og:description\" content=\"[vc_row full_width=&#8220;stretch_row_content&#8220; css=&#8220;.vc_custom_1636759294827{margin-top: 30px !important;}&#8220;][vc_column][vc_row_inner equal_height=&#8220;yes&#8220;][vc_column_inner el_class=&#8220;blocco_immagine&#8220; width=&#8220;1\/2&#8243; css=&#8220;.vc_custom_1771771801469{background-image: url(https:\/\/sentieroitalia.cai.it\/wp-content\/uploads\/2020\/10\/0002.jpg?id=482) !important;background-position: center !important;background-repeat: no-repeat !important;background-size: cover !important;}&#8220;][\/vc_column_inner][vc_column_inner el_class=&#8220;blocco_testo&#8220; width=&#8220;1\/2&#8243;][vc_column_text] Folge Rot und Wei\u00df Der SICAI ist durch die klassische rot-wei\u00df-rote [&hellip;]\" \/>\n<meta property=\"og:url\" content=\"https:\/\/sentieroitalia.cai.it\/de\/der-weg\/wegmarkierung\/leitfaden-zur-wegmarkierung-und-schwierigkeitsklassifizierung\/\" \/>\n<meta property=\"og:site_name\" content=\"Sentiero Italia Cai\" \/>\n<meta property=\"article:publisher\" content=\"https:\/\/www.facebook.com\/sentieroitaliacai\" \/>\n<meta property=\"article:modified_time\" content=\"2026-02-22T14:58:50+00:00\" \/>\n<meta name=\"twitter:card\" content=\"summary_large_image\" \/>\n<meta name=\"twitter:label1\" content=\"Gesch\u00e4tzte Lesezeit\" \/>\n\t<meta name=\"twitter:data1\" content=\"1\u00a0Minute\" \/>\n<script type=\"application\/ld+json\" class=\"yoast-schema-graph\">{\"@context\":\"https:\/\/schema.org\",\"@graph\":[{\"@type\":\"WebPage\",\"@id\":\"https:\/\/sentieroitalia.cai.it\/de\/der-weg\/wegmarkierung\/leitfaden-zur-wegmarkierung-und-schwierigkeitsklassifizierung\/\",\"url\":\"https:\/\/sentieroitalia.cai.it\/de\/der-weg\/wegmarkierung\/leitfaden-zur-wegmarkierung-und-schwierigkeitsklassifizierung\/\",\"name\":\"Leitfaden zur Wegmarkierung und Schwierigkeitsklassifizierung - Sentiero Italia Cai\",\"isPartOf\":{\"@id\":\"https:\/\/sentieroitalia.cai.it\/#website\"},\"datePublished\":\"2026-02-22T14:52:49+00:00\",\"dateModified\":\"2026-02-22T14:58:50+00:00\",\"breadcrumb\":{\"@id\":\"https:\/\/sentieroitalia.cai.it\/de\/der-weg\/wegmarkierung\/leitfaden-zur-wegmarkierung-und-schwierigkeitsklassifizierung\/#breadcrumb\"},\"inLanguage\":\"de\",\"potentialAction\":[{\"@type\":\"ReadAction\",\"target\":[\"https:\/\/sentieroitalia.cai.it\/de\/der-weg\/wegmarkierung\/leitfaden-zur-wegmarkierung-und-schwierigkeitsklassifizierung\/\"]}]},{\"@type\":\"BreadcrumbList\",\"@id\":\"https:\/\/sentieroitalia.cai.it\/de\/der-weg\/wegmarkierung\/leitfaden-zur-wegmarkierung-und-schwierigkeitsklassifizierung\/#breadcrumb\",\"itemListElement\":[{\"@type\":\"ListItem\",\"position\":1,\"name\":\"Home\",\"item\":\"https:\/\/sentieroitalia.cai.it\/de\/\"},{\"@type\":\"ListItem\",\"position\":2,\"name\":\"Der Weg\",\"item\":\"https:\/\/sentieroitalia.cai.it\/de\/der-weg\/\"},{\"@type\":\"ListItem\",\"position\":3,\"name\":\"Wegmarkierung\",\"item\":\"https:\/\/sentieroitalia.cai.it\/de\/der-weg\/wegmarkierung\/\"},{\"@type\":\"ListItem\",\"position\":4,\"name\":\"Leitfaden zur Wegmarkierung und Schwierigkeitsklassifizierung\"}]},{\"@type\":\"WebSite\",\"@id\":\"https:\/\/sentieroitalia.cai.it\/#website\",\"url\":\"https:\/\/sentieroitalia.cai.it\/\",\"name\":\"Sentiero Italia Cai\",\"description\":\"\",\"publisher\":{\"@id\":\"https:\/\/sentieroitalia.cai.it\/#organization\"},\"potentialAction\":[{\"@type\":\"SearchAction\",\"target\":{\"@type\":\"EntryPoint\",\"urlTemplate\":\"https:\/\/sentieroitalia.cai.it\/?s={search_term_string}\"},\"query-input\":{\"@type\":\"PropertyValueSpecification\",\"valueRequired\":true,\"valueName\":\"search_term_string\"}}],\"inLanguage\":\"de\"},{\"@type\":\"Organization\",\"@id\":\"https:\/\/sentieroitalia.cai.it\/#organization\",\"name\":\"Sentiero Italia Cai\",\"url\":\"https:\/\/sentieroitalia.cai.it\/\",\"logo\":{\"@type\":\"ImageObject\",\"inLanguage\":\"de\",\"@id\":\"https:\/\/sentieroitalia.cai.it\/#\/schema\/logo\/image\/\",\"url\":\"https:\/\/sentieroitalia.cai.it\/wp-content\/uploads\/2021\/09\/cropped-logo-sito.png\",\"contentUrl\":\"https:\/\/sentieroitalia.cai.it\/wp-content\/uploads\/2021\/09\/cropped-logo-sito.png\",\"width\":512,\"height\":512,\"caption\":\"Sentiero Italia Cai\"},\"image\":{\"@id\":\"https:\/\/sentieroitalia.cai.it\/#\/schema\/logo\/image\/\"},\"sameAs\":[\"https:\/\/www.facebook.com\/sentieroitaliacai\",\"https:\/\/www.instagram.com\/sentieroitaliacai\/\",\"https:\/\/youtube.com\/c\/SentieroItaliaCAI\"]}]}<\/script>\n<!-- \/ Yoast SEO plugin. -->","yoast_head_json":{"title":"Leitfaden zur Wegmarkierung und Schwierigkeitsklassifizierung - Sentiero Italia Cai","robots":{"index":"index","follow":"follow","max-snippet":"max-snippet:-1","max-image-preview":"max-image-preview:large","max-video-preview":"max-video-preview:-1"},"canonical":"https:\/\/sentieroitalia.cai.it\/de\/der-weg\/wegmarkierung\/leitfaden-zur-wegmarkierung-und-schwierigkeitsklassifizierung\/","og_locale":"de_DE","og_type":"article","og_title":"Leitfaden zur Wegmarkierung und Schwierigkeitsklassifizierung - Sentiero Italia Cai","og_description":"[vc_row full_width=&#8220;stretch_row_content&#8220; css=&#8220;.vc_custom_1636759294827{margin-top: 30px !important;}&#8220;][vc_column][vc_row_inner equal_height=&#8220;yes&#8220;][vc_column_inner el_class=&#8220;blocco_immagine&#8220; width=&#8220;1\/2&#8243; css=&#8220;.vc_custom_1771771801469{background-image: url(https:\/\/sentieroitalia.cai.it\/wp-content\/uploads\/2020\/10\/0002.jpg?id=482) !important;background-position: center !important;background-repeat: no-repeat !important;background-size: cover !important;}&#8220;][\/vc_column_inner][vc_column_inner el_class=&#8220;blocco_testo&#8220; width=&#8220;1\/2&#8243;][vc_column_text] Folge Rot und Wei\u00df Der SICAI ist durch die klassische rot-wei\u00df-rote [&hellip;]","og_url":"https:\/\/sentieroitalia.cai.it\/de\/der-weg\/wegmarkierung\/leitfaden-zur-wegmarkierung-und-schwierigkeitsklassifizierung\/","og_site_name":"Sentiero Italia Cai","article_publisher":"https:\/\/www.facebook.com\/sentieroitaliacai","article_modified_time":"2026-02-22T14:58:50+00:00","twitter_card":"summary_large_image","twitter_misc":{"Gesch\u00e4tzte Lesezeit":"1\u00a0Minute"},"schema":{"@context":"https:\/\/schema.org","@graph":[{"@type":"WebPage","@id":"https:\/\/sentieroitalia.cai.it\/de\/der-weg\/wegmarkierung\/leitfaden-zur-wegmarkierung-und-schwierigkeitsklassifizierung\/","url":"https:\/\/sentieroitalia.cai.it\/de\/der-weg\/wegmarkierung\/leitfaden-zur-wegmarkierung-und-schwierigkeitsklassifizierung\/","name":"Leitfaden zur Wegmarkierung und Schwierigkeitsklassifizierung - Sentiero Italia Cai","isPartOf":{"@id":"https:\/\/sentieroitalia.cai.it\/#website"},"datePublished":"2026-02-22T14:52:49+00:00","dateModified":"2026-02-22T14:58:50+00:00","breadcrumb":{"@id":"https:\/\/sentieroitalia.cai.it\/de\/der-weg\/wegmarkierung\/leitfaden-zur-wegmarkierung-und-schwierigkeitsklassifizierung\/#breadcrumb"},"inLanguage":"de","potentialAction":[{"@type":"ReadAction","target":["https:\/\/sentieroitalia.cai.it\/de\/der-weg\/wegmarkierung\/leitfaden-zur-wegmarkierung-und-schwierigkeitsklassifizierung\/"]}]},{"@type":"BreadcrumbList","@id":"https:\/\/sentieroitalia.cai.it\/de\/der-weg\/wegmarkierung\/leitfaden-zur-wegmarkierung-und-schwierigkeitsklassifizierung\/#breadcrumb","itemListElement":[{"@type":"ListItem","position":1,"name":"Home","item":"https:\/\/sentieroitalia.cai.it\/de\/"},{"@type":"ListItem","position":2,"name":"Der Weg","item":"https:\/\/sentieroitalia.cai.it\/de\/der-weg\/"},{"@type":"ListItem","position":3,"name":"Wegmarkierung","item":"https:\/\/sentieroitalia.cai.it\/de\/der-weg\/wegmarkierung\/"},{"@type":"ListItem","position":4,"name":"Leitfaden zur Wegmarkierung und Schwierigkeitsklassifizierung"}]},{"@type":"WebSite","@id":"https:\/\/sentieroitalia.cai.it\/#website","url":"https:\/\/sentieroitalia.cai.it\/","name":"Sentiero Italia Cai","description":"","publisher":{"@id":"https:\/\/sentieroitalia.cai.it\/#organization"},"potentialAction":[{"@type":"SearchAction","target":{"@type":"EntryPoint","urlTemplate":"https:\/\/sentieroitalia.cai.it\/?s={search_term_string}"},"query-input":{"@type":"PropertyValueSpecification","valueRequired":true,"valueName":"search_term_string"}}],"inLanguage":"de"},{"@type":"Organization","@id":"https:\/\/sentieroitalia.cai.it\/#organization","name":"Sentiero Italia Cai","url":"https:\/\/sentieroitalia.cai.it\/","logo":{"@type":"ImageObject","inLanguage":"de","@id":"https:\/\/sentieroitalia.cai.it\/#\/schema\/logo\/image\/","url":"https:\/\/sentieroitalia.cai.it\/wp-content\/uploads\/2021\/09\/cropped-logo-sito.png","contentUrl":"https:\/\/sentieroitalia.cai.it\/wp-content\/uploads\/2021\/09\/cropped-logo-sito.png","width":512,"height":512,"caption":"Sentiero Italia Cai"},"image":{"@id":"https:\/\/sentieroitalia.cai.it\/#\/schema\/logo\/image\/"},"sameAs":["https:\/\/www.facebook.com\/sentieroitaliacai","https:\/\/www.instagram.com\/sentieroitaliacai\/","https:\/\/youtube.com\/c\/SentieroItaliaCAI"]}]}},"_links":{"self":[{"href":"https:\/\/sentieroitalia.cai.it\/de\/wp-json\/wp\/v2\/pages\/1489","targetHints":{"allow":["GET"]}}],"collection":[{"href":"https:\/\/sentieroitalia.cai.it\/de\/wp-json\/wp\/v2\/pages"}],"about":[{"href":"https:\/\/sentieroitalia.cai.it\/de\/wp-json\/wp\/v2\/types\/page"}],"author":[{"embeddable":true,"href":"https:\/\/sentieroitalia.cai.it\/de\/wp-json\/wp\/v2\/users\/9"}],"replies":[{"embeddable":true,"href":"https:\/\/sentieroitalia.cai.it\/de\/wp-json\/wp\/v2\/comments?post=1489"}],"version-history":[{"count":3,"href":"https:\/\/sentieroitalia.cai.it\/de\/wp-json\/wp\/v2\/pages\/1489\/revisions"}],"predecessor-version":[{"id":1495,"href":"https:\/\/sentieroitalia.cai.it\/de\/wp-json\/wp\/v2\/pages\/1489\/revisions\/1495"}],"up":[{"embeddable":true,"href":"https:\/\/sentieroitalia.cai.it\/de\/wp-json\/wp\/v2\/pages\/1479"}],"wp:attachment":[{"href":"https:\/\/sentieroitalia.cai.it\/de\/wp-json\/wp\/v2\/media?parent=1489"}],"curies":[{"name":"wp","href":"https:\/\/api.w.org\/{rel}","templated":true}]}}