{"id":1532,"date":"2026-02-22T16:53:28","date_gmt":"2026-02-22T15:53:28","guid":{"rendered":"https:\/\/sentieroitalia.cai.it\/plane-deine-reise\/bereit-zum-aufbruch\/consigli-di-sicurezza\/"},"modified":"2026-02-22T16:57:08","modified_gmt":"2026-02-22T15:57:08","slug":"sicherheitshinweise","status":"publish","type":"page","link":"https:\/\/sentieroitalia.cai.it\/de\/plane-deine-reise\/bereit-zum-aufbruch\/sicherheitshinweise\/","title":{"rendered":"Sicherheitshinweise"},"content":{"rendered":"<p>[vc_row full_width=&#8220;stretch_row_content&#8220; css=&#8220;.vc_custom_1636759294827{margin-top: 30px !important;}&#8220;][vc_column][vc_row_inner equal_height=&#8220;yes&#8220;][vc_column_inner el_class=&#8220;blocco_immagine&#8220; width=&#8220;1\/2&#8243; css=&#8220;.vc_custom_1771775483720{background-image: url(https:\/\/sentieroitalia.cai.it\/wp-content\/uploads\/2021\/12\/Sentiero-Italia-Leonessa_Cittareale-Foto-Enrico-Ferri-018.jpg?id=638) !important;background-position: center !important;background-repeat: no-repeat !important;background-size: cover !important;}&#8220;][\/vc_column_inner][vc_column_inner el_class=&#8220;blocco_testo&#8220; width=&#8220;1\/2&#8243;][vc_column_text]<\/p>\n<h2 class=\"p1\">Bereite dich auf das Abenteuer vor<\/h2>\n<p class=\"p3\">Um R\u00fccken und Gelenke nicht zu \u00fcberlasten, beachte die Gewichtsregel: Ein voll beladener Rucksack sollte bei Einzeletappen 15 % deines K\u00f6rpergewichts nicht \u00fcberschreiten, bei mehrt\u00e4gigen Touren maximal 20 %. F\u00fchre vor dem Aufbruch eine sorgf\u00e4ltige Kontrolle durch: \u00dcberpr\u00fcfe die Stabilit\u00e4t der Trekkingst\u00f6cke und das Verfallsdatum der medizinischen Ausr\u00fcstung. Verlasse dich nicht ausschlie\u00dflich auf digitale Ger\u00e4te: Kompass und topografische Karte sind unverzichtbar, wenn kein GPS-Signal verf\u00fcgbar ist oder das Ger\u00e4t keinen Akku mehr hat.<\/p>\n<p class=\"p3\">Achte auf eine energiereiche Ern\u00e4hrung: N\u00fcsse liefern Fette und Proteine, Trockenfr\u00fcchte schnell verf\u00fcgbare Zucker. Trinke regelm\u00e4\u00dfig kleine Schlucke Wasser, um Dehydrierung vorzubeugen. Eine Organisation, die diese Details ber\u00fccksichtigt, verbunden mit Umsicht, erm\u00f6glicht es, den Sentiero Italia mit gr\u00f6\u00dftm\u00f6glichem Bewusstsein zu erleben.<\/p>\n<p>[\/vc_column_text][\/vc_column_inner][\/vc_row_inner][\/vc_column][\/vc_row]<\/p>\n","protected":false},"excerpt":{"rendered":"<p>[vc_row full_width=&#8220;stretch_row_content&#8220; css=&#8220;.vc_custom_1636759294827{margin-top: 30px !important;}&#8220;][vc_column][vc_row_inner equal_height=&#8220;yes&#8220;][vc_column_inner el_class=&#8220;blocco_immagine&#8220; width=&#8220;1\/2&#8243; css=&#8220;.vc_custom_1771775483720{background-image: url(https:\/\/sentieroitalia.cai.it\/wp-content\/uploads\/2021\/12\/Sentiero-Italia-Leonessa_Cittareale-Foto-Enrico-Ferri-018.jpg?id=638) !important;background-position: center !important;background-repeat: no-repeat !important;background-size: cover !important;}&#8220;][\/vc_column_inner][vc_column_inner el_class=&#8220;blocco_testo&#8220; width=&#8220;1\/2&#8243;][vc_column_text] Bereite dich auf das Abenteuer vor Um R\u00fccken und Gelenke nicht [&hellip;]<\/p>\n","protected":false},"author":9,"featured_media":0,"parent":1521,"menu_order":0,"comment_status":"closed","ping_status":"closed","template":"","meta":{"footnotes":""},"class_list":["post-1532","page","type-page","status-publish","hentry"],"yoast_head":"<!-- This site is optimized with the Yoast SEO plugin v27.1.1 - https:\/\/yoast.com\/product\/yoast-seo-wordpress\/ -->\n<title>Sicherheitshinweise - Sentiero Italia Cai<\/title>\n<meta name=\"robots\" content=\"index, follow, max-snippet:-1, max-image-preview:large, max-video-preview:-1\" \/>\n<link rel=\"canonical\" href=\"https:\/\/sentieroitalia.cai.it\/de\/plane-deine-reise\/bereit-zum-aufbruch\/sicherheitshinweise\/\" \/>\n<meta property=\"og:locale\" content=\"de_DE\" \/>\n<meta property=\"og:type\" content=\"article\" \/>\n<meta property=\"og:title\" content=\"Sicherheitshinweise - Sentiero Italia Cai\" \/>\n<meta property=\"og:description\" content=\"[vc_row full_width=&#8220;stretch_row_content&#8220; css=&#8220;.vc_custom_1636759294827{margin-top: 30px !important;}&#8220;][vc_column][vc_row_inner equal_height=&#8220;yes&#8220;][vc_column_inner el_class=&#8220;blocco_immagine&#8220; width=&#8220;1\/2&#8243; css=&#8220;.vc_custom_1771775483720{background-image: url(https:\/\/sentieroitalia.cai.it\/wp-content\/uploads\/2021\/12\/Sentiero-Italia-Leonessa_Cittareale-Foto-Enrico-Ferri-018.jpg?id=638) !important;background-position: center !important;background-repeat: no-repeat !important;background-size: cover !important;}&#8220;][\/vc_column_inner][vc_column_inner el_class=&#8220;blocco_testo&#8220; width=&#8220;1\/2&#8243;][vc_column_text] Bereite dich auf das Abenteuer vor Um R\u00fccken und Gelenke nicht [&hellip;]\" \/>\n<meta property=\"og:url\" content=\"https:\/\/sentieroitalia.cai.it\/de\/plane-deine-reise\/bereit-zum-aufbruch\/sicherheitshinweise\/\" \/>\n<meta property=\"og:site_name\" content=\"Sentiero Italia Cai\" \/>\n<meta property=\"article:publisher\" content=\"https:\/\/www.facebook.com\/sentieroitaliacai\" \/>\n<meta property=\"article:modified_time\" content=\"2026-02-22T15:57:08+00:00\" \/>\n<meta name=\"twitter:card\" content=\"summary_large_image\" \/>\n<meta name=\"twitter:label1\" content=\"Gesch\u00e4tzte Lesezeit\" \/>\n\t<meta name=\"twitter:data1\" content=\"1\u00a0Minute\" \/>\n<script type=\"application\/ld+json\" class=\"yoast-schema-graph\">{\"@context\":\"https:\/\/schema.org\",\"@graph\":[{\"@type\":\"WebPage\",\"@id\":\"https:\/\/sentieroitalia.cai.it\/de\/plane-deine-reise\/bereit-zum-aufbruch\/sicherheitshinweise\/\",\"url\":\"https:\/\/sentieroitalia.cai.it\/de\/plane-deine-reise\/bereit-zum-aufbruch\/sicherheitshinweise\/\",\"name\":\"Sicherheitshinweise - Sentiero Italia Cai\",\"isPartOf\":{\"@id\":\"https:\/\/sentieroitalia.cai.it\/#website\"},\"datePublished\":\"2026-02-22T15:53:28+00:00\",\"dateModified\":\"2026-02-22T15:57:08+00:00\",\"breadcrumb\":{\"@id\":\"https:\/\/sentieroitalia.cai.it\/de\/plane-deine-reise\/bereit-zum-aufbruch\/sicherheitshinweise\/#breadcrumb\"},\"inLanguage\":\"de\",\"potentialAction\":[{\"@type\":\"ReadAction\",\"target\":[\"https:\/\/sentieroitalia.cai.it\/de\/plane-deine-reise\/bereit-zum-aufbruch\/sicherheitshinweise\/\"]}]},{\"@type\":\"BreadcrumbList\",\"@id\":\"https:\/\/sentieroitalia.cai.it\/de\/plane-deine-reise\/bereit-zum-aufbruch\/sicherheitshinweise\/#breadcrumb\",\"itemListElement\":[{\"@type\":\"ListItem\",\"position\":1,\"name\":\"Home\",\"item\":\"https:\/\/sentieroitalia.cai.it\/de\/\"},{\"@type\":\"ListItem\",\"position\":2,\"name\":\"Plane deine Reise\",\"item\":\"https:\/\/sentieroitalia.cai.it\/de\/plane-deine-reise\/\"},{\"@type\":\"ListItem\",\"position\":3,\"name\":\"Bereit zum Aufbruch\",\"item\":\"https:\/\/sentieroitalia.cai.it\/de\/plane-deine-reise\/bereit-zum-aufbruch\/\"},{\"@type\":\"ListItem\",\"position\":4,\"name\":\"Sicherheitshinweise\"}]},{\"@type\":\"WebSite\",\"@id\":\"https:\/\/sentieroitalia.cai.it\/#website\",\"url\":\"https:\/\/sentieroitalia.cai.it\/\",\"name\":\"Sentiero Italia Cai\",\"description\":\"\",\"publisher\":{\"@id\":\"https:\/\/sentieroitalia.cai.it\/#organization\"},\"potentialAction\":[{\"@type\":\"SearchAction\",\"target\":{\"@type\":\"EntryPoint\",\"urlTemplate\":\"https:\/\/sentieroitalia.cai.it\/?s={search_term_string}\"},\"query-input\":{\"@type\":\"PropertyValueSpecification\",\"valueRequired\":true,\"valueName\":\"search_term_string\"}}],\"inLanguage\":\"de\"},{\"@type\":\"Organization\",\"@id\":\"https:\/\/sentieroitalia.cai.it\/#organization\",\"name\":\"Sentiero Italia Cai\",\"url\":\"https:\/\/sentieroitalia.cai.it\/\",\"logo\":{\"@type\":\"ImageObject\",\"inLanguage\":\"de\",\"@id\":\"https:\/\/sentieroitalia.cai.it\/#\/schema\/logo\/image\/\",\"url\":\"https:\/\/sentieroitalia.cai.it\/wp-content\/uploads\/2021\/09\/cropped-logo-sito.png\",\"contentUrl\":\"https:\/\/sentieroitalia.cai.it\/wp-content\/uploads\/2021\/09\/cropped-logo-sito.png\",\"width\":512,\"height\":512,\"caption\":\"Sentiero Italia Cai\"},\"image\":{\"@id\":\"https:\/\/sentieroitalia.cai.it\/#\/schema\/logo\/image\/\"},\"sameAs\":[\"https:\/\/www.facebook.com\/sentieroitaliacai\",\"https:\/\/www.instagram.com\/sentieroitaliacai\/\",\"https:\/\/youtube.com\/c\/SentieroItaliaCAI\"]}]}<\/script>\n<!-- \/ Yoast SEO plugin. -->","yoast_head_json":{"title":"Sicherheitshinweise - Sentiero Italia Cai","robots":{"index":"index","follow":"follow","max-snippet":"max-snippet:-1","max-image-preview":"max-image-preview:large","max-video-preview":"max-video-preview:-1"},"canonical":"https:\/\/sentieroitalia.cai.it\/de\/plane-deine-reise\/bereit-zum-aufbruch\/sicherheitshinweise\/","og_locale":"de_DE","og_type":"article","og_title":"Sicherheitshinweise - Sentiero Italia Cai","og_description":"[vc_row full_width=&#8220;stretch_row_content&#8220; css=&#8220;.vc_custom_1636759294827{margin-top: 30px !important;}&#8220;][vc_column][vc_row_inner equal_height=&#8220;yes&#8220;][vc_column_inner el_class=&#8220;blocco_immagine&#8220; width=&#8220;1\/2&#8243; css=&#8220;.vc_custom_1771775483720{background-image: url(https:\/\/sentieroitalia.cai.it\/wp-content\/uploads\/2021\/12\/Sentiero-Italia-Leonessa_Cittareale-Foto-Enrico-Ferri-018.jpg?id=638) !important;background-position: center !important;background-repeat: no-repeat !important;background-size: cover !important;}&#8220;][\/vc_column_inner][vc_column_inner el_class=&#8220;blocco_testo&#8220; width=&#8220;1\/2&#8243;][vc_column_text] Bereite dich auf das Abenteuer vor Um R\u00fccken und Gelenke nicht [&hellip;]","og_url":"https:\/\/sentieroitalia.cai.it\/de\/plane-deine-reise\/bereit-zum-aufbruch\/sicherheitshinweise\/","og_site_name":"Sentiero Italia Cai","article_publisher":"https:\/\/www.facebook.com\/sentieroitaliacai","article_modified_time":"2026-02-22T15:57:08+00:00","twitter_card":"summary_large_image","twitter_misc":{"Gesch\u00e4tzte Lesezeit":"1\u00a0Minute"},"schema":{"@context":"https:\/\/schema.org","@graph":[{"@type":"WebPage","@id":"https:\/\/sentieroitalia.cai.it\/de\/plane-deine-reise\/bereit-zum-aufbruch\/sicherheitshinweise\/","url":"https:\/\/sentieroitalia.cai.it\/de\/plane-deine-reise\/bereit-zum-aufbruch\/sicherheitshinweise\/","name":"Sicherheitshinweise - Sentiero Italia Cai","isPartOf":{"@id":"https:\/\/sentieroitalia.cai.it\/#website"},"datePublished":"2026-02-22T15:53:28+00:00","dateModified":"2026-02-22T15:57:08+00:00","breadcrumb":{"@id":"https:\/\/sentieroitalia.cai.it\/de\/plane-deine-reise\/bereit-zum-aufbruch\/sicherheitshinweise\/#breadcrumb"},"inLanguage":"de","potentialAction":[{"@type":"ReadAction","target":["https:\/\/sentieroitalia.cai.it\/de\/plane-deine-reise\/bereit-zum-aufbruch\/sicherheitshinweise\/"]}]},{"@type":"BreadcrumbList","@id":"https:\/\/sentieroitalia.cai.it\/de\/plane-deine-reise\/bereit-zum-aufbruch\/sicherheitshinweise\/#breadcrumb","itemListElement":[{"@type":"ListItem","position":1,"name":"Home","item":"https:\/\/sentieroitalia.cai.it\/de\/"},{"@type":"ListItem","position":2,"name":"Plane deine Reise","item":"https:\/\/sentieroitalia.cai.it\/de\/plane-deine-reise\/"},{"@type":"ListItem","position":3,"name":"Bereit zum Aufbruch","item":"https:\/\/sentieroitalia.cai.it\/de\/plane-deine-reise\/bereit-zum-aufbruch\/"},{"@type":"ListItem","position":4,"name":"Sicherheitshinweise"}]},{"@type":"WebSite","@id":"https:\/\/sentieroitalia.cai.it\/#website","url":"https:\/\/sentieroitalia.cai.it\/","name":"Sentiero Italia Cai","description":"","publisher":{"@id":"https:\/\/sentieroitalia.cai.it\/#organization"},"potentialAction":[{"@type":"SearchAction","target":{"@type":"EntryPoint","urlTemplate":"https:\/\/sentieroitalia.cai.it\/?s={search_term_string}"},"query-input":{"@type":"PropertyValueSpecification","valueRequired":true,"valueName":"search_term_string"}}],"inLanguage":"de"},{"@type":"Organization","@id":"https:\/\/sentieroitalia.cai.it\/#organization","name":"Sentiero Italia Cai","url":"https:\/\/sentieroitalia.cai.it\/","logo":{"@type":"ImageObject","inLanguage":"de","@id":"https:\/\/sentieroitalia.cai.it\/#\/schema\/logo\/image\/","url":"https:\/\/sentieroitalia.cai.it\/wp-content\/uploads\/2021\/09\/cropped-logo-sito.png","contentUrl":"https:\/\/sentieroitalia.cai.it\/wp-content\/uploads\/2021\/09\/cropped-logo-sito.png","width":512,"height":512,"caption":"Sentiero Italia Cai"},"image":{"@id":"https:\/\/sentieroitalia.cai.it\/#\/schema\/logo\/image\/"},"sameAs":["https:\/\/www.facebook.com\/sentieroitaliacai","https:\/\/www.instagram.com\/sentieroitaliacai\/","https:\/\/youtube.com\/c\/SentieroItaliaCAI"]}]}},"_links":{"self":[{"href":"https:\/\/sentieroitalia.cai.it\/de\/wp-json\/wp\/v2\/pages\/1532","targetHints":{"allow":["GET"]}}],"collection":[{"href":"https:\/\/sentieroitalia.cai.it\/de\/wp-json\/wp\/v2\/pages"}],"about":[{"href":"https:\/\/sentieroitalia.cai.it\/de\/wp-json\/wp\/v2\/types\/page"}],"author":[{"embeddable":true,"href":"https:\/\/sentieroitalia.cai.it\/de\/wp-json\/wp\/v2\/users\/9"}],"replies":[{"embeddable":true,"href":"https:\/\/sentieroitalia.cai.it\/de\/wp-json\/wp\/v2\/comments?post=1532"}],"version-history":[{"count":2,"href":"https:\/\/sentieroitalia.cai.it\/de\/wp-json\/wp\/v2\/pages\/1532\/revisions"}],"predecessor-version":[{"id":1536,"href":"https:\/\/sentieroitalia.cai.it\/de\/wp-json\/wp\/v2\/pages\/1532\/revisions\/1536"}],"up":[{"embeddable":true,"href":"https:\/\/sentieroitalia.cai.it\/de\/wp-json\/wp\/v2\/pages\/1521"}],"wp:attachment":[{"href":"https:\/\/sentieroitalia.cai.it\/de\/wp-json\/wp\/v2\/media?parent=1532"}],"curies":[{"name":"wp","href":"https:\/\/api.w.org\/{rel}","templated":true}]}}