{"id":1550,"date":"2025-12-29T15:46:45","date_gmt":"2025-12-29T14:46:45","guid":{"rendered":"https:\/\/sentieroitalia.cai.it\/plane-deine-reise\/guide-e-mappe\/"},"modified":"2026-02-22T18:18:37","modified_gmt":"2026-02-22T17:18:37","slug":"wanderfuehrer-und-karten","status":"publish","type":"page","link":"https:\/\/sentieroitalia.cai.it\/de\/plane-deine-reise\/wanderfuehrer-und-karten\/","title":{"rendered":"Wanderf\u00fchrer und Karten"},"content":{"rendered":"<p>[vc_row full_width=&#8220;stretch_row_content&#8220; css=&#8220;.vc_custom_1636759294827{margin-top: 30px !important;}&#8220;][vc_column][vc_row_inner equal_height=&#8220;yes&#8220;][vc_column_inner el_class=&#8220;blocco_immagine&#8220; width=&#8220;1\/2&#8243; css=&#8220;.vc_custom_1642246355316{background-image: url(https:\/\/sentieroitalia.cai.it\/wp-content\/uploads\/2021\/12\/bg_pa.jpg?id=678) !important;background-position: center !important;background-repeat: no-repeat !important;background-size: cover !important;}&#8220;][\/vc_column_inner][vc_column_inner el_class=&#8220;blocco_testo&#8220; width=&#8220;1\/2&#8243;][vc_column_text]<\/p>\n<p class=\"p1\">Um jede Wanderung entlang des Sentiero Italia CAI sicher zu planen, bietet der redaktionelle Bereich des <a href=\"https:\/\/caistore.it\/categorie\/editoriale\">CAI Store<\/a> eine umfassende Auswahl an technischen und informativen Hilfsmitteln. Von offiziellen Wanderf\u00fchrern bis hin zu Karten ist jede Ver\u00f6ffentlichung f\u00fcr diejenigen gedacht, die die Bergwelt mit Bewusstsein und dokumentarischer Genauigkeit erkunden m\u00f6chten.<\/p>\n<p class=\"p1\">Das Angebot umfasst die Sentiero-Italia-F\u00fchrer mit Beschreibungen von Etappen, Varianten und Sehensw\u00fcrdigkeiten sowie Wanderkarten, die dank der kontinuierlichen Aktualisierung des Wegenetzes f\u00fcr die Orientierung im Gel\u00e4nde unverzichtbar sind. Erg\u00e4nzt wird das Sortiment durch Essays, technische Handb\u00fccher und Bildb\u00e4nde zur Vertiefung der Kultur und Geschichte des italienischen Alpinismus.<\/p>\n<p class=\"p1\">Besuche den <a href=\"https:\/\/caistore.it\/categorie\/editoriale\">Store<\/a> und bereite deinen Rucksack mit den offiziellen Publikationen vor.<\/p>\n<p>[\/vc_column_text][\/vc_column_inner][\/vc_row_inner][\/vc_column][\/vc_row]<\/p>\n","protected":false},"excerpt":{"rendered":"<p>[vc_row full_width=&#8220;stretch_row_content&#8220; css=&#8220;.vc_custom_1636759294827{margin-top: 30px !important;}&#8220;][vc_column][vc_row_inner equal_height=&#8220;yes&#8220;][vc_column_inner el_class=&#8220;blocco_immagine&#8220; width=&#8220;1\/2&#8243; css=&#8220;.vc_custom_1642246355316{background-image: url(https:\/\/sentieroitalia.cai.it\/wp-content\/uploads\/2021\/12\/bg_pa.jpg?id=678) !important;background-position: center !important;background-repeat: no-repeat !important;background-size: cover !important;}&#8220;][\/vc_column_inner][vc_column_inner el_class=&#8220;blocco_testo&#8220; width=&#8220;1\/2&#8243;][vc_column_text] Um jede Wanderung entlang des Sentiero Italia CAI sicher zu planen, [&hellip;]<\/p>\n","protected":false},"author":9,"featured_media":0,"parent":1508,"menu_order":0,"comment_status":"closed","ping_status":"closed","template":"","meta":{"footnotes":""},"class_list":["post-1550","page","type-page","status-publish","hentry"],"yoast_head":"<!-- This site is optimized with the Yoast SEO plugin v27.1.1 - https:\/\/yoast.com\/product\/yoast-seo-wordpress\/ -->\n<title>Wanderf\u00fchrer und Karten - Sentiero Italia Cai<\/title>\n<meta name=\"robots\" content=\"index, follow, max-snippet:-1, max-image-preview:large, max-video-preview:-1\" \/>\n<link rel=\"canonical\" href=\"https:\/\/sentieroitalia.cai.it\/de\/plane-deine-reise\/wanderfuehrer-und-karten\/\" \/>\n<meta property=\"og:locale\" content=\"de_DE\" \/>\n<meta property=\"og:type\" content=\"article\" \/>\n<meta property=\"og:title\" content=\"Wanderf\u00fchrer und Karten - Sentiero Italia Cai\" \/>\n<meta property=\"og:description\" content=\"[vc_row full_width=&#8220;stretch_row_content&#8220; css=&#8220;.vc_custom_1636759294827{margin-top: 30px !important;}&#8220;][vc_column][vc_row_inner equal_height=&#8220;yes&#8220;][vc_column_inner el_class=&#8220;blocco_immagine&#8220; width=&#8220;1\/2&#8243; css=&#8220;.vc_custom_1642246355316{background-image: url(https:\/\/sentieroitalia.cai.it\/wp-content\/uploads\/2021\/12\/bg_pa.jpg?id=678) !important;background-position: center !important;background-repeat: no-repeat !important;background-size: cover !important;}&#8220;][\/vc_column_inner][vc_column_inner el_class=&#8220;blocco_testo&#8220; width=&#8220;1\/2&#8243;][vc_column_text] Um jede Wanderung entlang des Sentiero Italia CAI sicher zu planen, [&hellip;]\" \/>\n<meta property=\"og:url\" content=\"https:\/\/sentieroitalia.cai.it\/de\/plane-deine-reise\/wanderfuehrer-und-karten\/\" \/>\n<meta property=\"og:site_name\" content=\"Sentiero Italia Cai\" \/>\n<meta property=\"article:publisher\" content=\"https:\/\/www.facebook.com\/sentieroitaliacai\" \/>\n<meta property=\"article:modified_time\" content=\"2026-02-22T17:18:37+00:00\" \/>\n<meta name=\"twitter:card\" content=\"summary_large_image\" \/>\n<meta name=\"twitter:label1\" content=\"Gesch\u00e4tzte Lesezeit\" \/>\n\t<meta name=\"twitter:data1\" content=\"1\u00a0Minute\" \/>\n<script type=\"application\/ld+json\" class=\"yoast-schema-graph\">{\"@context\":\"https:\/\/schema.org\",\"@graph\":[{\"@type\":\"WebPage\",\"@id\":\"https:\/\/sentieroitalia.cai.it\/de\/plane-deine-reise\/wanderfuehrer-und-karten\/\",\"url\":\"https:\/\/sentieroitalia.cai.it\/de\/plane-deine-reise\/wanderfuehrer-und-karten\/\",\"name\":\"Wanderf\u00fchrer und Karten - Sentiero Italia Cai\",\"isPartOf\":{\"@id\":\"https:\/\/sentieroitalia.cai.it\/#website\"},\"datePublished\":\"2025-12-29T14:46:45+00:00\",\"dateModified\":\"2026-02-22T17:18:37+00:00\",\"breadcrumb\":{\"@id\":\"https:\/\/sentieroitalia.cai.it\/de\/plane-deine-reise\/wanderfuehrer-und-karten\/#breadcrumb\"},\"inLanguage\":\"de\",\"potentialAction\":[{\"@type\":\"ReadAction\",\"target\":[\"https:\/\/sentieroitalia.cai.it\/de\/plane-deine-reise\/wanderfuehrer-und-karten\/\"]}]},{\"@type\":\"BreadcrumbList\",\"@id\":\"https:\/\/sentieroitalia.cai.it\/de\/plane-deine-reise\/wanderfuehrer-und-karten\/#breadcrumb\",\"itemListElement\":[{\"@type\":\"ListItem\",\"position\":1,\"name\":\"Home\",\"item\":\"https:\/\/sentieroitalia.cai.it\/de\/\"},{\"@type\":\"ListItem\",\"position\":2,\"name\":\"Plane deine Reise\",\"item\":\"https:\/\/sentieroitalia.cai.it\/de\/plane-deine-reise\/\"},{\"@type\":\"ListItem\",\"position\":3,\"name\":\"Wanderf\u00fchrer und Karten\"}]},{\"@type\":\"WebSite\",\"@id\":\"https:\/\/sentieroitalia.cai.it\/#website\",\"url\":\"https:\/\/sentieroitalia.cai.it\/\",\"name\":\"Sentiero Italia Cai\",\"description\":\"\",\"publisher\":{\"@id\":\"https:\/\/sentieroitalia.cai.it\/#organization\"},\"potentialAction\":[{\"@type\":\"SearchAction\",\"target\":{\"@type\":\"EntryPoint\",\"urlTemplate\":\"https:\/\/sentieroitalia.cai.it\/?s={search_term_string}\"},\"query-input\":{\"@type\":\"PropertyValueSpecification\",\"valueRequired\":true,\"valueName\":\"search_term_string\"}}],\"inLanguage\":\"de\"},{\"@type\":\"Organization\",\"@id\":\"https:\/\/sentieroitalia.cai.it\/#organization\",\"name\":\"Sentiero Italia Cai\",\"url\":\"https:\/\/sentieroitalia.cai.it\/\",\"logo\":{\"@type\":\"ImageObject\",\"inLanguage\":\"de\",\"@id\":\"https:\/\/sentieroitalia.cai.it\/#\/schema\/logo\/image\/\",\"url\":\"https:\/\/sentieroitalia.cai.it\/wp-content\/uploads\/2021\/09\/cropped-logo-sito.png\",\"contentUrl\":\"https:\/\/sentieroitalia.cai.it\/wp-content\/uploads\/2021\/09\/cropped-logo-sito.png\",\"width\":512,\"height\":512,\"caption\":\"Sentiero Italia Cai\"},\"image\":{\"@id\":\"https:\/\/sentieroitalia.cai.it\/#\/schema\/logo\/image\/\"},\"sameAs\":[\"https:\/\/www.facebook.com\/sentieroitaliacai\",\"https:\/\/www.instagram.com\/sentieroitaliacai\/\",\"https:\/\/youtube.com\/c\/SentieroItaliaCAI\"]}]}<\/script>\n<!-- \/ Yoast SEO plugin. -->","yoast_head_json":{"title":"Wanderf\u00fchrer und Karten - Sentiero Italia Cai","robots":{"index":"index","follow":"follow","max-snippet":"max-snippet:-1","max-image-preview":"max-image-preview:large","max-video-preview":"max-video-preview:-1"},"canonical":"https:\/\/sentieroitalia.cai.it\/de\/plane-deine-reise\/wanderfuehrer-und-karten\/","og_locale":"de_DE","og_type":"article","og_title":"Wanderf\u00fchrer und Karten - Sentiero Italia Cai","og_description":"[vc_row full_width=&#8220;stretch_row_content&#8220; css=&#8220;.vc_custom_1636759294827{margin-top: 30px !important;}&#8220;][vc_column][vc_row_inner equal_height=&#8220;yes&#8220;][vc_column_inner el_class=&#8220;blocco_immagine&#8220; width=&#8220;1\/2&#8243; css=&#8220;.vc_custom_1642246355316{background-image: url(https:\/\/sentieroitalia.cai.it\/wp-content\/uploads\/2021\/12\/bg_pa.jpg?id=678) !important;background-position: center !important;background-repeat: no-repeat !important;background-size: cover !important;}&#8220;][\/vc_column_inner][vc_column_inner el_class=&#8220;blocco_testo&#8220; width=&#8220;1\/2&#8243;][vc_column_text] Um jede Wanderung entlang des Sentiero Italia CAI sicher zu planen, [&hellip;]","og_url":"https:\/\/sentieroitalia.cai.it\/de\/plane-deine-reise\/wanderfuehrer-und-karten\/","og_site_name":"Sentiero Italia Cai","article_publisher":"https:\/\/www.facebook.com\/sentieroitaliacai","article_modified_time":"2026-02-22T17:18:37+00:00","twitter_card":"summary_large_image","twitter_misc":{"Gesch\u00e4tzte Lesezeit":"1\u00a0Minute"},"schema":{"@context":"https:\/\/schema.org","@graph":[{"@type":"WebPage","@id":"https:\/\/sentieroitalia.cai.it\/de\/plane-deine-reise\/wanderfuehrer-und-karten\/","url":"https:\/\/sentieroitalia.cai.it\/de\/plane-deine-reise\/wanderfuehrer-und-karten\/","name":"Wanderf\u00fchrer und Karten - Sentiero Italia Cai","isPartOf":{"@id":"https:\/\/sentieroitalia.cai.it\/#website"},"datePublished":"2025-12-29T14:46:45+00:00","dateModified":"2026-02-22T17:18:37+00:00","breadcrumb":{"@id":"https:\/\/sentieroitalia.cai.it\/de\/plane-deine-reise\/wanderfuehrer-und-karten\/#breadcrumb"},"inLanguage":"de","potentialAction":[{"@type":"ReadAction","target":["https:\/\/sentieroitalia.cai.it\/de\/plane-deine-reise\/wanderfuehrer-und-karten\/"]}]},{"@type":"BreadcrumbList","@id":"https:\/\/sentieroitalia.cai.it\/de\/plane-deine-reise\/wanderfuehrer-und-karten\/#breadcrumb","itemListElement":[{"@type":"ListItem","position":1,"name":"Home","item":"https:\/\/sentieroitalia.cai.it\/de\/"},{"@type":"ListItem","position":2,"name":"Plane deine Reise","item":"https:\/\/sentieroitalia.cai.it\/de\/plane-deine-reise\/"},{"@type":"ListItem","position":3,"name":"Wanderf\u00fchrer und Karten"}]},{"@type":"WebSite","@id":"https:\/\/sentieroitalia.cai.it\/#website","url":"https:\/\/sentieroitalia.cai.it\/","name":"Sentiero Italia Cai","description":"","publisher":{"@id":"https:\/\/sentieroitalia.cai.it\/#organization"},"potentialAction":[{"@type":"SearchAction","target":{"@type":"EntryPoint","urlTemplate":"https:\/\/sentieroitalia.cai.it\/?s={search_term_string}"},"query-input":{"@type":"PropertyValueSpecification","valueRequired":true,"valueName":"search_term_string"}}],"inLanguage":"de"},{"@type":"Organization","@id":"https:\/\/sentieroitalia.cai.it\/#organization","name":"Sentiero Italia Cai","url":"https:\/\/sentieroitalia.cai.it\/","logo":{"@type":"ImageObject","inLanguage":"de","@id":"https:\/\/sentieroitalia.cai.it\/#\/schema\/logo\/image\/","url":"https:\/\/sentieroitalia.cai.it\/wp-content\/uploads\/2021\/09\/cropped-logo-sito.png","contentUrl":"https:\/\/sentieroitalia.cai.it\/wp-content\/uploads\/2021\/09\/cropped-logo-sito.png","width":512,"height":512,"caption":"Sentiero Italia Cai"},"image":{"@id":"https:\/\/sentieroitalia.cai.it\/#\/schema\/logo\/image\/"},"sameAs":["https:\/\/www.facebook.com\/sentieroitaliacai","https:\/\/www.instagram.com\/sentieroitaliacai\/","https:\/\/youtube.com\/c\/SentieroItaliaCAI"]}]}},"_links":{"self":[{"href":"https:\/\/sentieroitalia.cai.it\/de\/wp-json\/wp\/v2\/pages\/1550","targetHints":{"allow":["GET"]}}],"collection":[{"href":"https:\/\/sentieroitalia.cai.it\/de\/wp-json\/wp\/v2\/pages"}],"about":[{"href":"https:\/\/sentieroitalia.cai.it\/de\/wp-json\/wp\/v2\/types\/page"}],"author":[{"embeddable":true,"href":"https:\/\/sentieroitalia.cai.it\/de\/wp-json\/wp\/v2\/users\/9"}],"replies":[{"embeddable":true,"href":"https:\/\/sentieroitalia.cai.it\/de\/wp-json\/wp\/v2\/comments?post=1550"}],"version-history":[{"count":2,"href":"https:\/\/sentieroitalia.cai.it\/de\/wp-json\/wp\/v2\/pages\/1550\/revisions"}],"predecessor-version":[{"id":1554,"href":"https:\/\/sentieroitalia.cai.it\/de\/wp-json\/wp\/v2\/pages\/1550\/revisions\/1554"}],"up":[{"embeddable":true,"href":"https:\/\/sentieroitalia.cai.it\/de\/wp-json\/wp\/v2\/pages\/1508"}],"wp:attachment":[{"href":"https:\/\/sentieroitalia.cai.it\/de\/wp-json\/wp\/v2\/media?parent=1550"}],"curies":[{"name":"wp","href":"https:\/\/api.w.org\/{rel}","templated":true}]}}