{"id":6325,"date":"2025-12-30T10:53:39","date_gmt":"2025-12-30T09:53:39","guid":{"rendered":"https:\/\/sentieroitalia.cai.it\/faq\/"},"modified":"2026-03-13T13:46:15","modified_gmt":"2026-03-13T12:46:15","slug":"faq","status":"publish","type":"page","link":"https:\/\/sentieroitalia.cai.it\/de\/faq\/","title":{"rendered":"FAQ"},"content":{"rendered":"<p>[vc_row anchor_wrap_section=&#8220;no&#8220; css=&#8220;.vc_custom_1773404872273{margin-top: 30px !important;padding-right: 20px !important;padding-left: 20px !important;}&#8220;][vc_column width=&#8220;2\/3&#8243;][vc_toggle title=&#8220;Was ist der Sentiero Italia CAI?&#8220; style=&#8220;square_outline&#8220; color=&#8220;peacoc&#8220; size=&#8220;lg&#8220; css=&#8220;.vc_custom_1773405710118{border-radius: 2px !important;}&#8220;]<\/p>\n<p class=\"p1\">Der Sentiero Italia CAI (SICAI) ist der l\u00e4ngste Wanderweg Italiens und einer der l\u00e4ngsten der Welt. Die Route durchquert die gesamte italienische Gebirgskette, von den Alpen \u00fcber den Apennin bis zu den gro\u00dfen Inseln.<\/p>\n<p class=\"p1\">Mit etwa <span class=\"s1\"><b>8.000 km L\u00e4nge, aufgeteilt in mehr als 500 Etappen<\/b><\/span>, verbindet er alle italienischen Regionen sowie zahlreiche Naturparks, historische D\u00f6rfer und Berggebiete.<\/p>\n<p class=\"p1\">Das Projekt wird vom Italienischen Alpenverein gef\u00f6rdert und stellt eine bedeutende Infrastruktur f\u00fcr den sanften Tourismus dar, die auf der Aufwertung des nat\u00fcrlichen und kulturellen Erbes der Hochgebirgsregionen basiert.<\/p>\n<p>[\/vc_toggle][vc_toggle title=&#8220;Wie lang ist der Sentiero Italia CAI?&#8220; style=&#8220;square_outline&#8220; color=&#8220;peacoc&#8220; size=&#8220;lg&#8220; css=&#8220;.vc_custom_1773405741586{border-radius: 2px !important;}&#8220;]<\/p>\n<p class=\"p1\">Der Sentiero Italia CAI erstreckt sich \u00fcber etwa <span class=\"s1\"><b>7.900\u20138.000 Kilometer<\/b><\/span> entlang der wichtigsten italienischen Gebirgsketten. Die Route ist in <span class=\"s1\"><b>mehr als 500 Etappen<\/b><\/span> organisiert, die die Alpen, den Apennin und die wichtigsten italienischen Inseln durchqueren.<\/p>\n<p class=\"p1\">Die Vielfalt der Landschaften ist au\u00dfergew\u00f6hnlich: von alpinen Gletschern \u00fcber apenninische W\u00e4lder bis hin zu den K\u00fcstenlandschaften Sardiniens und Siziliens.<\/p>\n<p>[\/vc_toggle][vc_toggle title=&#8220;Wo beginnt und wo endet der Sentiero Italia?&#8220; style=&#8220;square_outline&#8220; color=&#8220;peacoc&#8220; size=&#8220;lg&#8220; css=&#8220;.vc_custom_1773405763334{border-radius: 2px !important;}&#8220;]<\/p>\n<p class=\"p1\">Der Weg durchquert die gesamte italienische Halbinsel von S\u00fcden nach Norden. Die Hauptroute beginnt in <span class=\"s1\"><b>Santa Teresa Gallura auf Sardinien<\/b><\/span> und f\u00fchrt weiter \u00fcber Sizilien und entlang der gesamten Apenninenkette bis nach Ligurien, bevor sie den Alpenbogen bis nach <span class=\"s1\"><b>Muggia bei Triest<\/b><\/span> \u00fcberquert.<\/p>\n<p class=\"p1\">Der Weg verbindet idealerweise alle italienischen Regionen zu einer einzigen gro\u00dfen Wanderroute.<\/p>\n<p>[\/vc_toggle][vc_toggle title=&#8220;Ist es notwendig, den gesamten Sentiero Italia zu gehen?&#8220; style=&#8220;square_outline&#8220; color=&#8220;peacoc&#8220; size=&#8220;lg&#8220; css=&#8220;.vc_custom_1773405785999{border-radius: 2px !important;}&#8220;]<\/p>\n<p class=\"p1\">Nein. Der Sentiero Italia wurde so konzipiert, dass er <span class=\"s1\"><b>auch abschnittsweise<\/b><\/span> begangen werden kann. Viele Wanderer w\u00e4hlen einzelne Etappen oder kurze regionale Durchquerungen.<\/p>\n<p class=\"p1\">So lassen sich eint\u00e4gige oder mehrt\u00e4gige Wanderungen sowie l\u00e4ngere Etappenwanderungen planen und an die eigenen F\u00e4higkeiten sowie die verf\u00fcgbare Zeit anpassen.<\/p>\n<p>[\/vc_toggle][vc_toggle title=&#8220;Wie sind die Wege des Sentiero Italia CAI markiert?&#8220; style=&#8220;square_outline&#8220; color=&#8220;peacoc&#8220; size=&#8220;lg&#8220; css=&#8220;.vc_custom_1773405815273{border-radius: 2px !important;}&#8220;]<\/p>\n<p class=\"p1\">Die Route ist durch die <span class=\"s1\"><b>klassische rot-wei\u00df-rote CAI-Markierung<\/b><\/span> gekennzeichnet, die h\u00e4ufig vom Logo des Sentiero Italia begleitet wird. Diese Markierung zeigt die Richtung des Weges an und gew\u00e4hrleistet die Kontinuit\u00e4t entlang der Etappen.<\/p>\n<p class=\"p1\">Die Pflege der Wegmarkierungen wird von den Sektionen des Italienischen Alpenvereins und von lokalen Freiwilligen durchgef\u00fchrt.<\/p>\n<p>[\/vc_toggle][vc_toggle title=&#8220;Wie schwierig ist der Sentiero Italia?&#8220; style=&#8220;square_outline&#8220; color=&#8220;peacoc&#8220; size=&#8220;lg&#8220; css=&#8220;.vc_custom_1773405841203{border-radius: 2px !important;}&#8220;]<\/p>\n<p class=\"p1\">Die Etappen des Sentiero Italia weisen unterschiedliche Schwierigkeitsgrade auf, entsprechend der <span class=\"s1\"><b>CAI-Wanderklassifikation<\/b><\/span>.<\/p>\n<p class=\"p1\">Sie reichen von <span class=\"s1\"><b>Touristischen Wegen (T)<\/b><\/span>, die einfacher und zug\u00e4nglicher sind, bis zu Routen f\u00fcr <span class=\"s1\"><b>Erfahrene Wanderer (EE)<\/b><\/span>, die eine h\u00f6here technische und k\u00f6rperliche Vorbereitung erfordern.<\/p>\n<p class=\"p1\">Bevor man eine Etappe beginnt, ist es immer wichtig, die technischen Angaben zu konsultieren und H\u00f6henunterschied, Distanz sowie Gel\u00e4ndebedingungen zu bewerten.<\/p>\n<p>[\/vc_toggle][vc_toggle title=&#8220;Wo findet man die GPX-Tracks und technischen Informationen zu den Etappen?&#8220; style=&#8220;square_outline&#8220; color=&#8220;peacoc&#8220; size=&#8220;lg&#8220; css=&#8220;.vc_custom_1773405868052{border-radius: 2px !important;}&#8220;]<\/p>\n<p class=\"p1\">Aktualisierte Informationen zu den Etappen des Sentiero Italia sind auf der <span class=\"s1\"><b>offiziellen interaktiven Karte<\/b><\/span> verf\u00fcgbar.<\/p>\n<p class=\"p1\">Jede Etappe verf\u00fcgt \u00fcber eine detaillierte Seite mit:<\/p>\n<ul>\n<li>\n<p class=\"p1\">technischen Daten<\/p>\n<\/li>\n<li>\n<p class=\"p1\">Wegbeschreibung<\/p>\n<\/li>\n<li>\n<p class=\"p1\">Unterkunfts- bzw. Empfangspunkten (falls vorhanden)<\/p>\n<\/li>\n<li>\n<p class=\"p1\">Fotos<\/p>\n<\/li>\n<li>\n<p class=\"p1\"><span class=\"s1\"><b>herunterladbaren GPX-Tracks<\/b><\/span>, die f\u00fcr die Navigation n\u00fctzlich sind.<\/p>\n<\/li>\n<\/ul>\n<p>[\/vc_toggle][vc_toggle title=&#8220;Was ist der Wanderpass des SICAI?&#8220; style=&#8220;square_outline&#8220; color=&#8220;peacoc&#8220; size=&#8220;lg&#8220; css=&#8220;.vc_custom_1773405896917{border-radius: 2px !important;}&#8220;]<\/p>\n<p class=\"p1\">Der <span class=\"s1\"><b>Wanderpass<\/b><\/span> ist die offizielle Bescheinigung des Sentiero Italia CAI. Er funktioniert wie ein Reisetagebuch, in dem die Stempel der zur\u00fcckgelegten Etappen gesammelt werden.<\/p>\n<p class=\"p1\">Die Stempel k\u00f6nnen in Bergh\u00fctten, akkreditierten Unterk\u00fcnften und offiziellen Punkten entlang der Route erhalten werden.<\/p>\n<p class=\"p1\">Neben der Best\u00e4tigung der zur\u00fcckgelegten Strecke stellt der Pass auch eine Erinnerung an das Erlebnis entlang des Weges dar.<\/p>\n<p>[\/vc_toggle][vc_toggle title=&#8220;Wo kann man entlang des Sentiero Italia \u00fcbernachten?&#8220; style=&#8220;square_outline&#8220; color=&#8220;peacoc&#8220; size=&#8220;lg&#8220; css=&#8220;.vc_custom_1773405935974{border-radius: 2px !important;}&#8220;]<\/p>\n<p class=\"p1\">Entlang der Route gibt es ein Netzwerk von Einrichtungen, die Wanderer beherbergen, darunter:<\/p>\n<ul>\n<li>\n<p class=\"p1\">Alpen- und Apennin-Bergh\u00fctten<\/p>\n<\/li>\n<li>\n<p class=\"p1\">lokale Unterkunftsbetriebe<\/p>\n<\/li>\n<li>\n<p class=\"p1\">akkreditierte SICAI-Empfangspunkte.<\/p>\n<\/li>\n<\/ul>\n<p class=\"p1\">Viele dieser Einrichtungen geh\u00f6ren zum offiziellen Netzwerk und bieten spezielle Dienstleistungen f\u00fcr Wanderer an, wie Verpflegung, Informationen zum Weg und den Stempel f\u00fcr den <span class=\"s2\"><b>Wanderpass<\/b><\/span>.<\/p>\n<p>[\/vc_toggle][vc_toggle title=&#8220;Wie kann ich zum Projekt Sentiero Italia CAI beitragen?&#8220; style=&#8220;square_outline&#8220; color=&#8220;peacoc&#8220; size=&#8220;lg&#8220; css=&#8220;.vc_custom_1773405959952{border-radius: 2px !important;}&#8220;]<\/p>\n<p class=\"p1\">Der Sentiero Italia lebt dank der Arbeit von Freiwilligen und der Unterst\u00fctzung der Gemeinschaft. Es ist m\u00f6glich, auf verschiedene Weise beizutragen:<\/p>\n<ul>\n<li>\n<p class=\"p1\">durch die Teilnahme an den Aktivit\u00e4ten der CAI-Sektionen<\/p>\n<\/li>\n<li>\n<p class=\"p1\">durch die F\u00f6rderung eines verantwortungsvollen und nachhaltigen Tourismus entlang des Weges.<\/p>\n<\/li>\n<\/ul>\n<p class=\"p1\">Jeder Beitrag hilft, dieses gro\u00dfe Wanderwegenetz zu erhalten und aufzuwerten, das ganz Italien durchquert.<\/p>\n<p>[\/vc_toggle][\/vc_column][vc_column width=&#8220;1\/3&#8243;][vc_single_image image=&#8220;6320&#8243; img_size=&#8220;large&#8220; style=&#8220;vc_box_rounded&#8220;][\/vc_column][\/vc_row]<\/p>\n","protected":false},"excerpt":{"rendered":"<p>[vc_row anchor_wrap_section=&#8220;no&#8220; css=&#8220;.vc_custom_1773404872273{margin-top: 30px !important;padding-right: 20px !important;padding-left: 20px !important;}&#8220;][vc_column width=&#8220;2\/3&#8243;][vc_toggle title=&#8220;Was ist der Sentiero Italia CAI?&#8220; style=&#8220;square_outline&#8220; color=&#8220;peacoc&#8220; size=&#8220;lg&#8220; css=&#8220;.vc_custom_1773405710118{border-radius: 2px !important;}&#8220;] Der Sentiero Italia CAI (SICAI) ist der l\u00e4ngste [&hellip;]<\/p>\n","protected":false},"author":9,"featured_media":0,"parent":0,"menu_order":0,"comment_status":"closed","ping_status":"closed","template":"","meta":{"footnotes":""},"class_list":["post-6325","page","type-page","status-publish","hentry"],"yoast_head":"<!-- This site is optimized with the Yoast SEO plugin v27.1.1 - https:\/\/yoast.com\/product\/yoast-seo-wordpress\/ -->\n<title>FAQ - Sentiero Italia Cai<\/title>\n<meta name=\"robots\" content=\"index, follow, max-snippet:-1, max-image-preview:large, max-video-preview:-1\" \/>\n<link rel=\"canonical\" href=\"https:\/\/sentieroitalia.cai.it\/de\/faq\/\" \/>\n<meta property=\"og:locale\" content=\"de_DE\" \/>\n<meta property=\"og:type\" content=\"article\" \/>\n<meta property=\"og:title\" content=\"FAQ - Sentiero Italia Cai\" \/>\n<meta property=\"og:description\" content=\"[vc_row anchor_wrap_section=&#8220;no&#8220; css=&#8220;.vc_custom_1773404872273{margin-top: 30px !important;padding-right: 20px !important;padding-left: 20px !important;}&#8220;][vc_column width=&#8220;2\/3&#8243;][vc_toggle title=&#8220;Was ist der Sentiero Italia CAI?&#8220; style=&#8220;square_outline&#8220; color=&#8220;peacoc&#8220; size=&#8220;lg&#8220; css=&#8220;.vc_custom_1773405710118{border-radius: 2px !important;}&#8220;] Der Sentiero Italia CAI (SICAI) ist der l\u00e4ngste [&hellip;]\" \/>\n<meta property=\"og:url\" content=\"https:\/\/sentieroitalia.cai.it\/de\/faq\/\" \/>\n<meta property=\"og:site_name\" content=\"Sentiero Italia Cai\" \/>\n<meta property=\"article:publisher\" content=\"https:\/\/www.facebook.com\/sentieroitaliacai\" \/>\n<meta property=\"article:modified_time\" content=\"2026-03-13T12:46:15+00:00\" \/>\n<meta name=\"twitter:card\" content=\"summary_large_image\" \/>\n<meta name=\"twitter:label1\" content=\"Gesch\u00e4tzte Lesezeit\" \/>\n\t<meta name=\"twitter:data1\" content=\"4\u00a0Minuten\" \/>\n<script type=\"application\/ld+json\" class=\"yoast-schema-graph\">{\"@context\":\"https:\/\/schema.org\",\"@graph\":[{\"@type\":\"WebPage\",\"@id\":\"https:\/\/sentieroitalia.cai.it\/de\/faq\/\",\"url\":\"https:\/\/sentieroitalia.cai.it\/de\/faq\/\",\"name\":\"FAQ - Sentiero Italia Cai\",\"isPartOf\":{\"@id\":\"https:\/\/sentieroitalia.cai.it\/#website\"},\"datePublished\":\"2025-12-30T09:53:39+00:00\",\"dateModified\":\"2026-03-13T12:46:15+00:00\",\"breadcrumb\":{\"@id\":\"https:\/\/sentieroitalia.cai.it\/de\/faq\/#breadcrumb\"},\"inLanguage\":\"de\",\"potentialAction\":[{\"@type\":\"ReadAction\",\"target\":[\"https:\/\/sentieroitalia.cai.it\/de\/faq\/\"]}]},{\"@type\":\"BreadcrumbList\",\"@id\":\"https:\/\/sentieroitalia.cai.it\/de\/faq\/#breadcrumb\",\"itemListElement\":[{\"@type\":\"ListItem\",\"position\":1,\"name\":\"Home\",\"item\":\"https:\/\/sentieroitalia.cai.it\/de\/\"},{\"@type\":\"ListItem\",\"position\":2,\"name\":\"FAQ\"}]},{\"@type\":\"WebSite\",\"@id\":\"https:\/\/sentieroitalia.cai.it\/#website\",\"url\":\"https:\/\/sentieroitalia.cai.it\/\",\"name\":\"Sentiero Italia Cai\",\"description\":\"\",\"publisher\":{\"@id\":\"https:\/\/sentieroitalia.cai.it\/#organization\"},\"potentialAction\":[{\"@type\":\"SearchAction\",\"target\":{\"@type\":\"EntryPoint\",\"urlTemplate\":\"https:\/\/sentieroitalia.cai.it\/?s={search_term_string}\"},\"query-input\":{\"@type\":\"PropertyValueSpecification\",\"valueRequired\":true,\"valueName\":\"search_term_string\"}}],\"inLanguage\":\"de\"},{\"@type\":\"Organization\",\"@id\":\"https:\/\/sentieroitalia.cai.it\/#organization\",\"name\":\"Sentiero Italia Cai\",\"url\":\"https:\/\/sentieroitalia.cai.it\/\",\"logo\":{\"@type\":\"ImageObject\",\"inLanguage\":\"de\",\"@id\":\"https:\/\/sentieroitalia.cai.it\/#\/schema\/logo\/image\/\",\"url\":\"https:\/\/sentieroitalia.cai.it\/wp-content\/uploads\/2021\/09\/cropped-logo-sito.png\",\"contentUrl\":\"https:\/\/sentieroitalia.cai.it\/wp-content\/uploads\/2021\/09\/cropped-logo-sito.png\",\"width\":512,\"height\":512,\"caption\":\"Sentiero Italia Cai\"},\"image\":{\"@id\":\"https:\/\/sentieroitalia.cai.it\/#\/schema\/logo\/image\/\"},\"sameAs\":[\"https:\/\/www.facebook.com\/sentieroitaliacai\",\"https:\/\/www.instagram.com\/sentieroitaliacai\/\",\"https:\/\/youtube.com\/c\/SentieroItaliaCAI\"]}]}<\/script>\n<!-- \/ Yoast SEO plugin. -->","yoast_head_json":{"title":"FAQ - Sentiero Italia Cai","robots":{"index":"index","follow":"follow","max-snippet":"max-snippet:-1","max-image-preview":"max-image-preview:large","max-video-preview":"max-video-preview:-1"},"canonical":"https:\/\/sentieroitalia.cai.it\/de\/faq\/","og_locale":"de_DE","og_type":"article","og_title":"FAQ - Sentiero Italia Cai","og_description":"[vc_row anchor_wrap_section=&#8220;no&#8220; css=&#8220;.vc_custom_1773404872273{margin-top: 30px !important;padding-right: 20px !important;padding-left: 20px !important;}&#8220;][vc_column width=&#8220;2\/3&#8243;][vc_toggle title=&#8220;Was ist der Sentiero Italia CAI?&#8220; style=&#8220;square_outline&#8220; color=&#8220;peacoc&#8220; size=&#8220;lg&#8220; css=&#8220;.vc_custom_1773405710118{border-radius: 2px !important;}&#8220;] Der Sentiero Italia CAI (SICAI) ist der l\u00e4ngste [&hellip;]","og_url":"https:\/\/sentieroitalia.cai.it\/de\/faq\/","og_site_name":"Sentiero Italia Cai","article_publisher":"https:\/\/www.facebook.com\/sentieroitaliacai","article_modified_time":"2026-03-13T12:46:15+00:00","twitter_card":"summary_large_image","twitter_misc":{"Gesch\u00e4tzte Lesezeit":"4\u00a0Minuten"},"schema":{"@context":"https:\/\/schema.org","@graph":[{"@type":"WebPage","@id":"https:\/\/sentieroitalia.cai.it\/de\/faq\/","url":"https:\/\/sentieroitalia.cai.it\/de\/faq\/","name":"FAQ - Sentiero Italia Cai","isPartOf":{"@id":"https:\/\/sentieroitalia.cai.it\/#website"},"datePublished":"2025-12-30T09:53:39+00:00","dateModified":"2026-03-13T12:46:15+00:00","breadcrumb":{"@id":"https:\/\/sentieroitalia.cai.it\/de\/faq\/#breadcrumb"},"inLanguage":"de","potentialAction":[{"@type":"ReadAction","target":["https:\/\/sentieroitalia.cai.it\/de\/faq\/"]}]},{"@type":"BreadcrumbList","@id":"https:\/\/sentieroitalia.cai.it\/de\/faq\/#breadcrumb","itemListElement":[{"@type":"ListItem","position":1,"name":"Home","item":"https:\/\/sentieroitalia.cai.it\/de\/"},{"@type":"ListItem","position":2,"name":"FAQ"}]},{"@type":"WebSite","@id":"https:\/\/sentieroitalia.cai.it\/#website","url":"https:\/\/sentieroitalia.cai.it\/","name":"Sentiero Italia Cai","description":"","publisher":{"@id":"https:\/\/sentieroitalia.cai.it\/#organization"},"potentialAction":[{"@type":"SearchAction","target":{"@type":"EntryPoint","urlTemplate":"https:\/\/sentieroitalia.cai.it\/?s={search_term_string}"},"query-input":{"@type":"PropertyValueSpecification","valueRequired":true,"valueName":"search_term_string"}}],"inLanguage":"de"},{"@type":"Organization","@id":"https:\/\/sentieroitalia.cai.it\/#organization","name":"Sentiero Italia Cai","url":"https:\/\/sentieroitalia.cai.it\/","logo":{"@type":"ImageObject","inLanguage":"de","@id":"https:\/\/sentieroitalia.cai.it\/#\/schema\/logo\/image\/","url":"https:\/\/sentieroitalia.cai.it\/wp-content\/uploads\/2021\/09\/cropped-logo-sito.png","contentUrl":"https:\/\/sentieroitalia.cai.it\/wp-content\/uploads\/2021\/09\/cropped-logo-sito.png","width":512,"height":512,"caption":"Sentiero Italia Cai"},"image":{"@id":"https:\/\/sentieroitalia.cai.it\/#\/schema\/logo\/image\/"},"sameAs":["https:\/\/www.facebook.com\/sentieroitaliacai","https:\/\/www.instagram.com\/sentieroitaliacai\/","https:\/\/youtube.com\/c\/SentieroItaliaCAI"]}]}},"_links":{"self":[{"href":"https:\/\/sentieroitalia.cai.it\/de\/wp-json\/wp\/v2\/pages\/6325","targetHints":{"allow":["GET"]}}],"collection":[{"href":"https:\/\/sentieroitalia.cai.it\/de\/wp-json\/wp\/v2\/pages"}],"about":[{"href":"https:\/\/sentieroitalia.cai.it\/de\/wp-json\/wp\/v2\/types\/page"}],"author":[{"embeddable":true,"href":"https:\/\/sentieroitalia.cai.it\/de\/wp-json\/wp\/v2\/users\/9"}],"replies":[{"embeddable":true,"href":"https:\/\/sentieroitalia.cai.it\/de\/wp-json\/wp\/v2\/comments?post=6325"}],"version-history":[{"count":3,"href":"https:\/\/sentieroitalia.cai.it\/de\/wp-json\/wp\/v2\/pages\/6325\/revisions"}],"predecessor-version":[{"id":6331,"href":"https:\/\/sentieroitalia.cai.it\/de\/wp-json\/wp\/v2\/pages\/6325\/revisions\/6331"}],"wp:attachment":[{"href":"https:\/\/sentieroitalia.cai.it\/de\/wp-json\/wp\/v2\/media?parent=6325"}],"curies":[{"name":"wp","href":"https:\/\/api.w.org\/{rel}","templated":true}]}}