{"id":864,"date":"2022-02-21T21:45:21","date_gmt":"2022-02-21T21:45:21","guid":{"rendered":"https:\/\/tender-bouman.94-177-206-27.plesk.page\/?page_id=864"},"modified":"2022-02-21T21:58:37","modified_gmt":"2022-02-21T21:58:37","slug":"il-progetto","status":"publish","type":"page","link":"https:\/\/sentieroitalia.cai.it\/de\/il-progetto\/","title":{"rendered":"Il Progetto"},"content":{"rendered":"<p>[vc_row full_width=&#8220;stretch_row_content&#8220; css=&#8220;.vc_custom_1636759294827{margin-top: 30px !important;}&#8220;][vc_column][vc_row_inner equal_height=&#8220;yes&#8220;][vc_column_inner el_class=&#8220;blocco_immagine&#8220; width=&#8220;1\/2&#8243; css=&#8220;.vc_custom_1639241536304{background-image: url(https:\/\/sentieroitalia.cai.it\/wp-content\/uploads\/2020\/10\/0002.jpg?id=482) !important;background-position: center !important;background-repeat: no-repeat !important;background-size: cover !important;}&#8220;][\/vc_column_inner][vc_column_inner el_class=&#8220;blocco_testo&#8220; width=&#8220;1\/2&#8243;][vc_column_text]<\/p>\n<h2>Il nostro progetto<\/h2>\n<p>Rivedere, recuperare e rilanciare il tracciato escursionistico del\u00a0<a href=\"http:\/\/sentieroitalia.cai.it\/sentiero-italia-le-tappe\/\">Sentiero Italia<\/a>\u00a0per collegare, attraverso i suoi oltre 7000 km, tutte le regioni italiane, con il fascino, la bellezza e le tradizioni dei loro territori interni.<\/p>\n<hr class=\"tm_pb_module tm_pb_space tm_pb_divider_0\" \/>\n<p>Questo \u00e8 il progetto che il\u00a0<a href=\"http:\/\/www.cai.it\/\" target=\"_blank\" rel=\"noopener\">Club Alpino Italiano<\/a>\u00a0sta portando avanti, per rilanciare il nuovo Sentiero Italia.<\/p>\n<hr class=\"tm_pb_module tm_pb_space tm_pb_divider_1\" \/>\n<p>Il Sentiero Italia si sviluppa lungo l\u2019intera dorsale appenninica, isole comprese, e sul versante meridionale delle Alpi.\u00a0<a href=\"http:\/\/sentieroitalia.cai.it\/la-storia\/\">Ideato nel 1983<\/a>\u00a0da un gruppo di giornalisti escursionisti, riuniti poi nell\u2019Associazione Sentiero Italia, l\u2019itinerario \u00e8 stato fatto proprio dal CAI nel 1990. Grazie all\u2019indispensabile contributo delle sue Sezioni, che ne hanno individuato nel dettaglio il percorso, i posti tappa e la segnaletica, il Sentiero Italia venne inaugurato nel 1995 con la grande manifestazione organizzata dal CAI \u201cCamminaitalia 95\u201d, ripetuta poi nel 1999 assieme all\u2019Associazione Nazionale Alpini (ANA). Il concatenamento di sentieri che formano il Sentiero Italia attualmente \u00e8 quasi completamente segnalato con i colori bianco e rosso e la dicitura \u201cS.I.\u201d.[\/vc_column_text][vc_btn title=&#8220;Guarda il video&#8220; color=&#8220;primary&#8220; i_icon_fontawesome=&#8220;fas fa-play&#8220; add_icon=&#8220;true&#8220; link=&#8220;url:%23&#8243;][\/vc_column_inner][\/vc_row_inner][\/vc_column][\/vc_row][vc_row full_width=&#8220;stretch_row_content&#8220;][vc_column][vc_row_inner equal_height=&#8220;yes&#8220;][vc_column_inner el_class=&#8220;blocco_testo&#8220; width=&#8220;1\/2&#8243;][vc_column_text]<\/p>\n<h2>Segui il percorso<\/h2>\n<p>Oggi il CAI, con l\u2019aiuto dei suoi Gruppi regionali, intende dare inizio a un lavoro sull\u2019infrastruttura sentiero e sui posti tappa, per ridare al percorso la possibilit\u00e0 di essere usufruito nella sua interezza. La prima fase del progetto riguarda la ricognizione del percorso originario per valutarne la situazione attuale e individuare le varianti che si rendessero necessarie per risolvere problemi di percorribilit\u00e0 e ricettivit\u00e0. In 25 anni parti di esso si sono infatti perse e altre sono state privatizzate. Dopodich\u00e9 saranno realizzati gli interventi di ripristino del percorso e della segnaletica anche in chiave europea.<\/p>\n<p>\u201cAbbiamo un sogno, quello di unire l\u2019Italia intera in un grande abbraccio, attraverso la percorrenza a piedi degli straordinari territori che il nostro Paese \u00e8 in grado di offrire non appena si abbandona la strada asfaltata\u201d, afferma il Presidente generale del CAI Vincenzo Torti. \u201cCi siamo dotati delle risorse per portare a termine questo progetto, per la buona riuscita del quale \u00e8 fondamentale la collaborazione dei nostri Gruppi regionali, delle nostre Sezioni e dei nostri Soci del paese intero. Sar\u00e0 un percorso escursionistico, un trekking da percorrere zaino in spalla, che non toccher\u00e0 le cime delle montagne, ma il cuore e l\u2019anima della nostra Italia\u201d.[\/vc_column_text][vc_btn title=&#8220;Scarica la brochure Sentiero Italia Cai&#8220; color=&#8220;primary&#8220; i_icon_fontawesome=&#8220;fas fa-download&#8220; add_icon=&#8220;true&#8220; link=&#8220;url:%23&#8243;][\/vc_column_inner][vc_column_inner el_class=&#8220;blocco_immagine&#8220; width=&#8220;1\/2&#8243; css=&#8220;.vc_custom_1639241539193{background-image: url(https:\/\/sentieroitalia.cai.it\/wp-content\/uploads\/2021\/09\/Sentiero-Italia-Leonessa_Cittareale-Foto-Enrico-Ferri-018-1.jpg?id=558) !important;background-position: center !important;background-repeat: no-repeat !important;background-size: cover !important;}&#8220;][\/vc_column_inner][\/vc_row_inner][\/vc_column][\/vc_row]<\/p>\n","protected":false},"excerpt":{"rendered":"<p>[vc_row full_width=&#8220;stretch_row_content&#8220; css=&#8220;.vc_custom_1636759294827{margin-top: 30px !important;}&#8220;][vc_column][vc_row_inner equal_height=&#8220;yes&#8220;][vc_column_inner el_class=&#8220;blocco_immagine&#8220; width=&#8220;1\/2&#8243; css=&#8220;.vc_custom_1639241536304{background-image: url(https:\/\/sentieroitalia.cai.it\/wp-content\/uploads\/2020\/10\/0002.jpg?id=482) !important;background-position: center !important;background-repeat: no-repeat !important;background-size: cover !important;}&#8220;][\/vc_column_inner][vc_column_inner el_class=&#8220;blocco_testo&#8220; width=&#8220;1\/2&#8243;][vc_column_text] Il nostro progetto Rivedere, recuperare e rilanciare il tracciato escursionistico del\u00a0Sentiero [&hellip;]<\/p>\n","protected":false},"author":1,"featured_media":0,"parent":0,"menu_order":0,"comment_status":"closed","ping_status":"closed","template":"","meta":{"footnotes":""},"class_list":["post-864","page","type-page","status-publish","hentry"],"yoast_head":"<!-- This site is optimized with the Yoast SEO plugin v27.1.1 - https:\/\/yoast.com\/product\/yoast-seo-wordpress\/ -->\n<title>Il Progetto - Sentiero Italia Cai<\/title>\n<meta name=\"robots\" content=\"index, follow, max-snippet:-1, max-image-preview:large, max-video-preview:-1\" \/>\n<link rel=\"canonical\" href=\"https:\/\/sentieroitalia.cai.it\/il-progetto\/\" \/>\n<meta property=\"og:locale\" content=\"de_DE\" \/>\n<meta property=\"og:type\" content=\"article\" \/>\n<meta property=\"og:title\" content=\"Il Progetto - Sentiero Italia Cai\" \/>\n<meta property=\"og:description\" content=\"[vc_row full_width=&#8220;stretch_row_content&#8220; css=&#8220;.vc_custom_1636759294827{margin-top: 30px !important;}&#8220;][vc_column][vc_row_inner equal_height=&#8220;yes&#8220;][vc_column_inner el_class=&#8220;blocco_immagine&#8220; width=&#8220;1\/2&#8243; css=&#8220;.vc_custom_1639241536304{background-image: url(https:\/\/sentieroitalia.cai.it\/wp-content\/uploads\/2020\/10\/0002.jpg?id=482) !important;background-position: center !important;background-repeat: no-repeat !important;background-size: cover !important;}&#8220;][\/vc_column_inner][vc_column_inner el_class=&#8220;blocco_testo&#8220; width=&#8220;1\/2&#8243;][vc_column_text] Il nostro progetto Rivedere, recuperare e rilanciare il tracciato escursionistico del\u00a0Sentiero [&hellip;]\" \/>\n<meta property=\"og:url\" content=\"https:\/\/sentieroitalia.cai.it\/il-progetto\/\" \/>\n<meta property=\"og:site_name\" content=\"Sentiero Italia Cai\" \/>\n<meta property=\"article:publisher\" content=\"https:\/\/www.facebook.com\/sentieroitaliacai\" \/>\n<meta property=\"article:modified_time\" content=\"2022-02-21T21:58:37+00:00\" \/>\n<meta name=\"twitter:card\" content=\"summary_large_image\" \/>\n<meta name=\"twitter:label1\" content=\"Gesch\u00e4tzte Lesezeit\" \/>\n\t<meta name=\"twitter:data1\" content=\"3\u00a0Minuten\" \/>\n<script type=\"application\/ld+json\" class=\"yoast-schema-graph\">{\"@context\":\"https:\/\/schema.org\",\"@graph\":[{\"@type\":\"WebPage\",\"@id\":\"https:\/\/sentieroitalia.cai.it\/il-progetto\/\",\"url\":\"https:\/\/sentieroitalia.cai.it\/il-progetto\/\",\"name\":\"Il Progetto - Sentiero Italia Cai\",\"isPartOf\":{\"@id\":\"https:\/\/sentieroitalia.cai.it\/#website\"},\"datePublished\":\"2022-02-21T21:45:21+00:00\",\"dateModified\":\"2022-02-21T21:58:37+00:00\",\"breadcrumb\":{\"@id\":\"https:\/\/sentieroitalia.cai.it\/il-progetto\/#breadcrumb\"},\"inLanguage\":\"de\",\"potentialAction\":[{\"@type\":\"ReadAction\",\"target\":[\"https:\/\/sentieroitalia.cai.it\/il-progetto\/\"]}]},{\"@type\":\"BreadcrumbList\",\"@id\":\"https:\/\/sentieroitalia.cai.it\/il-progetto\/#breadcrumb\",\"itemListElement\":[{\"@type\":\"ListItem\",\"position\":1,\"name\":\"Home\",\"item\":\"https:\/\/sentieroitalia.cai.it\/de\/\"},{\"@type\":\"ListItem\",\"position\":2,\"name\":\"Il Progetto\"}]},{\"@type\":\"WebSite\",\"@id\":\"https:\/\/sentieroitalia.cai.it\/#website\",\"url\":\"https:\/\/sentieroitalia.cai.it\/\",\"name\":\"Sentiero Italia Cai\",\"description\":\"\",\"publisher\":{\"@id\":\"https:\/\/sentieroitalia.cai.it\/#organization\"},\"potentialAction\":[{\"@type\":\"SearchAction\",\"target\":{\"@type\":\"EntryPoint\",\"urlTemplate\":\"https:\/\/sentieroitalia.cai.it\/?s={search_term_string}\"},\"query-input\":{\"@type\":\"PropertyValueSpecification\",\"valueRequired\":true,\"valueName\":\"search_term_string\"}}],\"inLanguage\":\"de\"},{\"@type\":\"Organization\",\"@id\":\"https:\/\/sentieroitalia.cai.it\/#organization\",\"name\":\"Sentiero Italia Cai\",\"url\":\"https:\/\/sentieroitalia.cai.it\/\",\"logo\":{\"@type\":\"ImageObject\",\"inLanguage\":\"de\",\"@id\":\"https:\/\/sentieroitalia.cai.it\/#\/schema\/logo\/image\/\",\"url\":\"https:\/\/sentieroitalia.cai.it\/wp-content\/uploads\/2021\/09\/cropped-logo-sito.png\",\"contentUrl\":\"https:\/\/sentieroitalia.cai.it\/wp-content\/uploads\/2021\/09\/cropped-logo-sito.png\",\"width\":512,\"height\":512,\"caption\":\"Sentiero Italia Cai\"},\"image\":{\"@id\":\"https:\/\/sentieroitalia.cai.it\/#\/schema\/logo\/image\/\"},\"sameAs\":[\"https:\/\/www.facebook.com\/sentieroitaliacai\",\"https:\/\/www.instagram.com\/sentieroitaliacai\/\",\"https:\/\/youtube.com\/c\/SentieroItaliaCAI\"]}]}<\/script>\n<!-- \/ Yoast SEO plugin. -->","yoast_head_json":{"title":"Il Progetto - Sentiero Italia Cai","robots":{"index":"index","follow":"follow","max-snippet":"max-snippet:-1","max-image-preview":"max-image-preview:large","max-video-preview":"max-video-preview:-1"},"canonical":"https:\/\/sentieroitalia.cai.it\/il-progetto\/","og_locale":"de_DE","og_type":"article","og_title":"Il Progetto - Sentiero Italia Cai","og_description":"[vc_row full_width=&#8220;stretch_row_content&#8220; css=&#8220;.vc_custom_1636759294827{margin-top: 30px !important;}&#8220;][vc_column][vc_row_inner equal_height=&#8220;yes&#8220;][vc_column_inner el_class=&#8220;blocco_immagine&#8220; width=&#8220;1\/2&#8243; css=&#8220;.vc_custom_1639241536304{background-image: url(https:\/\/sentieroitalia.cai.it\/wp-content\/uploads\/2020\/10\/0002.jpg?id=482) !important;background-position: center !important;background-repeat: no-repeat !important;background-size: cover !important;}&#8220;][\/vc_column_inner][vc_column_inner el_class=&#8220;blocco_testo&#8220; width=&#8220;1\/2&#8243;][vc_column_text] Il nostro progetto Rivedere, recuperare e rilanciare il tracciato escursionistico del\u00a0Sentiero [&hellip;]","og_url":"https:\/\/sentieroitalia.cai.it\/il-progetto\/","og_site_name":"Sentiero Italia Cai","article_publisher":"https:\/\/www.facebook.com\/sentieroitaliacai","article_modified_time":"2022-02-21T21:58:37+00:00","twitter_card":"summary_large_image","twitter_misc":{"Gesch\u00e4tzte Lesezeit":"3\u00a0Minuten"},"schema":{"@context":"https:\/\/schema.org","@graph":[{"@type":"WebPage","@id":"https:\/\/sentieroitalia.cai.it\/il-progetto\/","url":"https:\/\/sentieroitalia.cai.it\/il-progetto\/","name":"Il Progetto - Sentiero Italia Cai","isPartOf":{"@id":"https:\/\/sentieroitalia.cai.it\/#website"},"datePublished":"2022-02-21T21:45:21+00:00","dateModified":"2022-02-21T21:58:37+00:00","breadcrumb":{"@id":"https:\/\/sentieroitalia.cai.it\/il-progetto\/#breadcrumb"},"inLanguage":"de","potentialAction":[{"@type":"ReadAction","target":["https:\/\/sentieroitalia.cai.it\/il-progetto\/"]}]},{"@type":"BreadcrumbList","@id":"https:\/\/sentieroitalia.cai.it\/il-progetto\/#breadcrumb","itemListElement":[{"@type":"ListItem","position":1,"name":"Home","item":"https:\/\/sentieroitalia.cai.it\/de\/"},{"@type":"ListItem","position":2,"name":"Il Progetto"}]},{"@type":"WebSite","@id":"https:\/\/sentieroitalia.cai.it\/#website","url":"https:\/\/sentieroitalia.cai.it\/","name":"Sentiero Italia Cai","description":"","publisher":{"@id":"https:\/\/sentieroitalia.cai.it\/#organization"},"potentialAction":[{"@type":"SearchAction","target":{"@type":"EntryPoint","urlTemplate":"https:\/\/sentieroitalia.cai.it\/?s={search_term_string}"},"query-input":{"@type":"PropertyValueSpecification","valueRequired":true,"valueName":"search_term_string"}}],"inLanguage":"de"},{"@type":"Organization","@id":"https:\/\/sentieroitalia.cai.it\/#organization","name":"Sentiero Italia Cai","url":"https:\/\/sentieroitalia.cai.it\/","logo":{"@type":"ImageObject","inLanguage":"de","@id":"https:\/\/sentieroitalia.cai.it\/#\/schema\/logo\/image\/","url":"https:\/\/sentieroitalia.cai.it\/wp-content\/uploads\/2021\/09\/cropped-logo-sito.png","contentUrl":"https:\/\/sentieroitalia.cai.it\/wp-content\/uploads\/2021\/09\/cropped-logo-sito.png","width":512,"height":512,"caption":"Sentiero Italia Cai"},"image":{"@id":"https:\/\/sentieroitalia.cai.it\/#\/schema\/logo\/image\/"},"sameAs":["https:\/\/www.facebook.com\/sentieroitaliacai","https:\/\/www.instagram.com\/sentieroitaliacai\/","https:\/\/youtube.com\/c\/SentieroItaliaCAI"]}]}},"_links":{"self":[{"href":"https:\/\/sentieroitalia.cai.it\/de\/wp-json\/wp\/v2\/pages\/864","targetHints":{"allow":["GET"]}}],"collection":[{"href":"https:\/\/sentieroitalia.cai.it\/de\/wp-json\/wp\/v2\/pages"}],"about":[{"href":"https:\/\/sentieroitalia.cai.it\/de\/wp-json\/wp\/v2\/types\/page"}],"author":[{"embeddable":true,"href":"https:\/\/sentieroitalia.cai.it\/de\/wp-json\/wp\/v2\/users\/1"}],"replies":[{"embeddable":true,"href":"https:\/\/sentieroitalia.cai.it\/de\/wp-json\/wp\/v2\/comments?post=864"}],"version-history":[{"count":2,"href":"https:\/\/sentieroitalia.cai.it\/de\/wp-json\/wp\/v2\/pages\/864\/revisions"}],"predecessor-version":[{"id":873,"href":"https:\/\/sentieroitalia.cai.it\/de\/wp-json\/wp\/v2\/pages\/864\/revisions\/873"}],"wp:attachment":[{"href":"https:\/\/sentieroitalia.cai.it\/de\/wp-json\/wp\/v2\/media?parent=864"}],"curies":[{"name":"wp","href":"https:\/\/api.w.org\/{rel}","templated":true}]}}